{"id":1747,"date":"2024-10-16T11:50:36","date_gmt":"2024-10-16T09:50:36","guid":{"rendered":"https:\/\/acrosstheglobexpedition.com\/?page_id=1747"},"modified":"2025-02-03T16:37:57","modified_gmt":"2025-02-03T15:37:57","slug":"mentions-legales","status":"publish","type":"page","link":"https:\/\/acrosstheglobexpedition.com\/index.php\/mentions-legales\/","title":{"rendered":"Mentions l\u00e9gales"},"content":{"rendered":"\t\t<div data-elementor-type=\"wp-page\" data-elementor-id=\"1747\" class=\"elementor elementor-1747\">\n\t\t\t\t\t\t\t\t\t<section class=\"elementor-section elementor-top-section elementor-element elementor-element-0a1fba6 elementor-section-stretched elementor-section-boxed elementor-section-height-default elementor-section-height-default\" data-id=\"0a1fba6\" data-element_type=\"section\" data-settings=\"{&quot;stretch_section&quot;:&quot;section-stretched&quot;}\">\n\t\t\t\t\t\t<div class=\"elementor-container elementor-column-gap-default\">\n\t\t\t\t\t<div class=\"elementor-column elementor-col-100 elementor-top-column elementor-element elementor-element-ccd239b\" data-id=\"ccd239b\" data-element_type=\"column\">\n\t\t\t<div class=\"elementor-widget-wrap elementor-element-populated\">\n\t\t\t\t\t\t\t\t<div class=\"elementor-element elementor-element-816ecde elementor-widget elementor-widget-spacer\" data-id=\"816ecde\" data-element_type=\"widget\" data-widget_type=\"spacer.default\">\n\t\t\t\t<div class=\"elementor-widget-container\">\n\t\t\t<style>\/*! elementor - v3.15.0 - 09-08-2023 *\/\n.elementor-column .elementor-spacer-inner{height:var(--spacer-size)}.e-con{--container-widget-width:100%}.e-con-inner>.elementor-widget-spacer,.e-con>.elementor-widget-spacer{width:var(--container-widget-width,var(--spacer-size));--align-self:var(--container-widget-align-self,initial);--flex-shrink:0}.e-con-inner>.elementor-widget-spacer>.elementor-widget-container,.e-con-inner>.elementor-widget-spacer>.elementor-widget-container>.elementor-spacer,.e-con>.elementor-widget-spacer>.elementor-widget-container,.e-con>.elementor-widget-spacer>.elementor-widget-container>.elementor-spacer{height:100%}.e-con-inner>.elementor-widget-spacer>.elementor-widget-container>.elementor-spacer>.elementor-spacer-inner,.e-con>.elementor-widget-spacer>.elementor-widget-container>.elementor-spacer>.elementor-spacer-inner{height:var(--container-widget-height,var(--spacer-size))}<\/style>\t\t<div class=\"elementor-spacer\">\n\t\t\t<div class=\"elementor-spacer-inner\"><\/div>\n\t\t<\/div>\n\t\t\t\t<\/div>\n\t\t\t\t<\/div>\n\t\t\t\t<div class=\"elementor-element elementor-element-1ce6fb1 elementor-widget elementor-widget-heading\" data-id=\"1ce6fb1\" data-element_type=\"widget\" data-widget_type=\"heading.default\">\n\t\t\t\t<div class=\"elementor-widget-container\">\n\t\t\t<style>\/*! elementor - v3.15.0 - 09-08-2023 *\/\n.elementor-heading-title{padding:0;margin:0;line-height:1}.elementor-widget-heading .elementor-heading-title[class*=elementor-size-]>a{color:inherit;font-size:inherit;line-height:inherit}.elementor-widget-heading .elementor-heading-title.elementor-size-small{font-size:15px}.elementor-widget-heading .elementor-heading-title.elementor-size-medium{font-size:19px}.elementor-widget-heading .elementor-heading-title.elementor-size-large{font-size:29px}.elementor-widget-heading .elementor-heading-title.elementor-size-xl{font-size:39px}.elementor-widget-heading .elementor-heading-title.elementor-size-xxl{font-size:59px}<\/style><h2 class=\"elementor-heading-title elementor-size-default\">Mentions l\u00e9gales<\/h2>\t\t<\/div>\n\t\t\t\t<\/div>\n\t\t\t\t<div class=\"elementor-element elementor-element-dfdd7cf elementor-widget elementor-widget-spacer\" data-id=\"dfdd7cf\" data-element_type=\"widget\" data-widget_type=\"spacer.default\">\n\t\t\t\t<div class=\"elementor-widget-container\">\n\t\t\t\t\t<div class=\"elementor-spacer\">\n\t\t\t<div class=\"elementor-spacer-inner\"><\/div>\n\t\t<\/div>\n\t\t\t\t<\/div>\n\t\t\t\t<\/div>\n\t\t\t\t<div class=\"elementor-element elementor-element-aec456c elementor-widget elementor-widget-text-editor\" data-id=\"aec456c\" data-element_type=\"widget\" data-widget_type=\"text-editor.default\">\n\t\t\t\t<div class=\"elementor-widget-container\">\n\t\t\t<style>\/*! elementor - v3.15.0 - 09-08-2023 *\/\n.elementor-widget-text-editor.elementor-drop-cap-view-stacked .elementor-drop-cap{background-color:#69727d;color:#fff}.elementor-widget-text-editor.elementor-drop-cap-view-framed .elementor-drop-cap{color:#69727d;border:3px solid;background-color:transparent}.elementor-widget-text-editor:not(.elementor-drop-cap-view-default) .elementor-drop-cap{margin-top:8px}.elementor-widget-text-editor:not(.elementor-drop-cap-view-default) .elementor-drop-cap-letter{width:1em;height:1em}.elementor-widget-text-editor .elementor-drop-cap{float:left;text-align:center;line-height:1;font-size:50px}.elementor-widget-text-editor .elementor-drop-cap-letter{display:inline-block}<\/style>\t\t\t\t<p class=\"sqsrte-large preFade fadeIn\">Conform\u00e9ment aux dispositions des Articles 6-III et 19 de la Loi n\u00b02004-575 du 21 juin 2004 pour la Confiance dans l\u2019\u00e9conomie num\u00e9rique, dite L.C.E.N., il est port\u00e9 \u00e0 la connaissance des Utilisateurs du site acrosstheglobexpedition.com les pr\u00e9sentes mentions l\u00e9gales.<\/p><p class=\"sqsrte-large preFade fadeIn\">La connexion et la navigation sur le site acrosstheglobexpedition.com par l\u2019Utilisateur implique l\u2019acceptation int\u00e9grale et sans r\u00e9serve des pr\u00e9sentes mentions l\u00e9gales. Ces derni\u00e8res sont accessibles sur le site \u00e0 la rubrique \u00ab Mentions l\u00e9gales \u00bb.<\/p><p><span>\u00a0<\/span><\/p><h5 class=\"preFade fadeIn\">Article 1 : Editeur<\/h5><p class=\"sqsrte-large preFade fadeIn\">L\u2019\u00e9dition du site acrosstheglobexpedition.com est assur\u00e9e par Mandela Sirikwa.<\/p><p class=\"sqsrte-large preFade fadeIn\">Across the globe expedition<br \/>Adresse : P.O.BOX 4068 Arusha, Tanzanie<br \/>E-mail : acrosstheglobexpedition.com<br \/>T\u00e9l\u00e9phone : <span>+255 762 705 954<\/span><\/p><p><span>\u00a0<\/span><\/p><h5 class=\"preFade fadeIn\">Article 2 : H\u00e9bergeur<\/h5><p class=\"sqsrte-large preFade fadeIn\">L\u2019h\u00e9bergeur du site acrosstheglobexpedition.com est la soci\u00e9t\u00e9 OVH SAS.<\/p><p class=\"sqsrte-large preFade fadeIn\">Raison sociale : OVH SAS<br \/>RCS Lille M\u00e9tropole 424 761 419 00045<br \/>Code APE 2620Z<br \/>N\u00b0 TVA : FR 22 424 761 419<br \/>Si\u00e8ge social : 2 rue Kellermann &#8211; 59100 Roubaix &#8211; France<\/p><p><span>\u00a0<\/span><\/p><h5 class=\"preFade fadeIn\">Article 3 : Acc\u00e8s au site<\/h5><p class=\"sqsrte-large preFade fadeIn\">Le site est accessible par tout endroit, 7j\/7, 24h\/24 sauf cas de force majeure, interruption programm\u00e9e ou non et pouvant d\u00e9coulant d\u2019une n\u00e9cessit\u00e9 de maintenance. En cas de modification, interruption ou suspension des services le site idilfortin.com ne saurait \u00eatre tenu responsable.<\/p><p><span>\u00a0<\/span><\/p><h5 class=\"preFade fadeIn\">Article 4 : Propri\u00e9t\u00e9 intellectuelle<\/h5><p class=\"sqsrte-large preFade fadeIn\">Sauf mention contraire, les photographies, textes et visuels pr\u00e9sent\u00e9 sur le site acrosstheglobexpedition.com sont la propri\u00e9t\u00e9 de Mandela Sirikwa, Sibel Darmar ou Idil Fortin.<\/p><p class=\"sqsrte-large preFade fadeIn\">Toute utilisation, reproduction, diffusion, commercialisation, modification de toute ou partie du site idilfortin.com, sans autorisation de l\u2019\u00e9diteur est prohib\u00e9e et pourra entra\u00een\u00e9e des actions et poursuites judiciaires telles que notamment pr\u00e9vues par le Code de la propri\u00e9t\u00e9 intellectuelle et le Code civil.<\/p>\t\t\t\t\t\t<\/div>\n\t\t\t\t<\/div>\n\t\t\t\t<div class=\"elementor-element elementor-element-6767d86 elementor-widget elementor-widget-spacer\" data-id=\"6767d86\" data-element_type=\"widget\" data-widget_type=\"spacer.default\">\n\t\t\t\t<div class=\"elementor-widget-container\">\n\t\t\t\t\t<div class=\"elementor-spacer\">\n\t\t\t<div class=\"elementor-spacer-inner\"><\/div>\n\t\t<\/div>\n\t\t\t\t<\/div>\n\t\t\t\t<\/div>\n\t\t\t\t\t<\/div>\n\t\t<\/div>\n\t\t\t\t\t\t\t<\/div>\n\t\t<\/section>\n\t\t\t\t<section class=\"elementor-section elementor-top-section elementor-element elementor-element-4050f62 elementor-section-stretched elementor-section-full_width elementor-section-height-default elementor-section-height-default\" data-id=\"4050f62\" data-element_type=\"section\" data-settings=\"{&quot;stretch_section&quot;:&quot;section-stretched&quot;}\">\n\t\t\t\t\t\t<div class=\"elementor-container elementor-column-gap-default\">\n\t\t\t\t\t<div class=\"elementor-column elementor-col-100 elementor-top-column elementor-element elementor-element-28f5156f\" data-id=\"28f5156f\" data-element_type=\"column\">\n\t\t\t<div class=\"elementor-widget-wrap elementor-element-populated\">\n\t\t\t\t\t\t\t\t<div class=\"elementor-element elementor-element-2e518036 elementor-widget elementor-widget-spacer\" data-id=\"2e518036\" data-element_type=\"widget\" data-widget_type=\"spacer.default\">\n\t\t\t\t<div class=\"elementor-widget-container\">\n\t\t\t\t\t<div class=\"elementor-spacer\">\n\t\t\t<div class=\"elementor-spacer-inner\"><\/div>\n\t\t<\/div>\n\t\t\t\t<\/div>\n\t\t\t\t<\/div>\n\t\t\t\t<section class=\"elementor-section elementor-inner-section elementor-element elementor-element-198dfe77 elementor-section-boxed elementor-section-height-default elementor-section-height-default\" data-id=\"198dfe77\" data-element_type=\"section\">\n\t\t\t\t\t\t<div class=\"elementor-container elementor-column-gap-default\">\n\t\t\t\t\t<div class=\"elementor-column elementor-col-33 elementor-inner-column elementor-element elementor-element-27ccac70\" data-id=\"27ccac70\" data-element_type=\"column\">\n\t\t\t<div class=\"elementor-widget-wrap elementor-element-populated\">\n\t\t\t\t\t\t\t\t<div class=\"elementor-element elementor-element-ad15862 elementor-widget elementor-widget-text-editor\" data-id=\"ad15862\" data-element_type=\"widget\" data-widget_type=\"text-editor.default\">\n\t\t\t\t<div class=\"elementor-widget-container\">\n\t\t\t\t\t\t\t<p>\u00a9 Across the Globe Expedition, 2025 &#8211; Tous droits r\u00e9serv\u00e9s<br \/><a href=\"https:\/\/acrosstheglobexpedition.com\/index.php\/mentions-legales\/\" target=\"_blank\" rel=\"noopener\">Mentions l\u00e9gales<\/a> &#8211; <a href=\"https:\/\/acrosstheglobexpedition.com\/index.php\/politique-de-confidentialite\/\">Politique de confidentialit\u00e9<\/a><\/p>\t\t\t\t\t\t<\/div>\n\t\t\t\t<\/div>\n\t\t\t\t\t<\/div>\n\t\t<\/div>\n\t\t\t\t<div class=\"elementor-column elementor-col-33 elementor-inner-column elementor-element elementor-element-33c8a67c\" data-id=\"33c8a67c\" data-element_type=\"column\">\n\t\t\t<div class=\"elementor-widget-wrap elementor-element-populated\">\n\t\t\t\t\t\t\t\t<div class=\"elementor-element elementor-element-1b184c01 elementor-view-default elementor-widget elementor-widget-icon\" data-id=\"1b184c01\" data-element_type=\"widget\" data-widget_type=\"icon.default\">\n\t\t\t\t<div class=\"elementor-widget-container\">\n\t\t\t\t\t<div class=\"elementor-icon-wrapper\">\n\t\t\t<a class=\"elementor-icon\" href=\"https:\/\/www.instagram.com\/mandelaexpedition\/\" target=\"_blank\">\n\t\t\t<i aria-hidden=\"true\" class=\"fab fa-instagram\"><\/i>\t\t\t<\/a>\n\t\t<\/div>\n\t\t\t\t<\/div>\n\t\t\t\t<\/div>\n\t\t\t\t\t<\/div>\n\t\t<\/div>\n\t\t\t\t<div class=\"elementor-column elementor-col-33 elementor-inner-column elementor-element elementor-element-3bd557b3\" data-id=\"3bd557b3\" data-element_type=\"column\">\n\t\t\t<div class=\"elementor-widget-wrap elementor-element-populated\">\n\t\t\t\t\t\t\t\t<div class=\"elementor-element elementor-element-7f433089 elementor-view-default elementor-widget elementor-widget-icon\" data-id=\"7f433089\" data-element_type=\"widget\" data-widget_type=\"icon.default\">\n\t\t\t\t<div class=\"elementor-widget-container\">\n\t\t\t\t\t<div class=\"elementor-icon-wrapper\">\n\t\t\t<a class=\"elementor-icon\" href=\"https:\/\/www.tiktok.com\/@mandelaexpedition\" target=\"_blank\">\n\t\t\t<i aria-hidden=\"true\" class=\"fab fa-tiktok\"><\/i>\t\t\t<\/a>\n\t\t<\/div>\n\t\t\t\t<\/div>\n\t\t\t\t<\/div>\n\t\t\t\t\t<\/div>\n\t\t<\/div>\n\t\t\t\t\t\t\t<\/div>\n\t\t<\/section>\n\t\t\t\t\t<\/div>\n\t\t<\/div>\n\t\t\t\t\t\t\t<\/div>\n\t\t<\/section>\n\t\t\t\t\t\t\t<\/div>\n\t\t","protected":false},"excerpt":{"rendered":"<p>Mentions l\u00e9gales Conform\u00e9ment aux dispositions des Articles 6-III et 19 de la Loi n\u00b02004-575 du 21 juin 2004 pour la Confiance dans l\u2019\u00e9conomie num\u00e9rique, dite L.C.E.N., il est port\u00e9 \u00e0 la connaissance des Utilisateurs du site acrosstheglobexpedition.com les pr\u00e9sentes mentions l\u00e9gales. La connexion et la navigation sur le site acrosstheglobexpedition.com [&hellip;]<\/p>\n","protected":false},"author":1,"featured_media":0,"parent":0,"menu_order":0,"comment_status":"closed","ping_status":"closed","template":"","meta":{"footnotes":""},"class_list":["post-1747","page","type-page","status-publish","hentry"],"yoast_head":"<!-- This site is optimized with the Yoast SEO plugin v23.6 - https:\/\/yoast.com\/wordpress\/plugins\/seo\/ -->\n<title>Mentions l\u00e9gales - Across the Globe Expedition<\/title>\n<meta name=\"robots\" content=\"index, follow, max-snippet:-1, max-image-preview:large, max-video-preview:-1\" \/>\n<link rel=\"canonical\" href=\"https:\/\/acrosstheglobexpedition.com\/index.php\/mentions-legales\/\" \/>\n<meta property=\"og:locale\" content=\"fr_FR\" \/>\n<meta property=\"og:type\" content=\"article\" \/>\n<meta property=\"og:title\" content=\"Mentions l\u00e9gales - Across the Globe Expedition\" \/>\n<meta property=\"og:description\" content=\"Mentions l\u00e9gales Conform\u00e9ment aux dispositions des Articles 6-III et 19 de la Loi n\u00b02004-575 du 21 juin 2004 pour la Confiance dans l\u2019\u00e9conomie num\u00e9rique, dite L.C.E.N., il est port\u00e9 \u00e0 la connaissance des Utilisateurs du site acrosstheglobexpedition.com les pr\u00e9sentes mentions l\u00e9gales. La connexion et la navigation sur le site acrosstheglobexpedition.com [&hellip;]\" \/>\n<meta property=\"og:url\" content=\"https:\/\/acrosstheglobexpedition.com\/index.php\/mentions-legales\/\" \/>\n<meta property=\"og:site_name\" content=\"Across the Globe Expedition\" \/>\n<meta property=\"article:modified_time\" content=\"2025-02-03T15:37:57+00:00\" \/>\n<meta property=\"og:image\" content=\"https:\/\/acrosstheglobexpedition.com\/wp-content\/uploads\/2024\/02\/20230222_094239-scaled.jpeg\" \/>\n\t<meta property=\"og:image:width\" content=\"2560\" \/>\n\t<meta property=\"og:image:height\" content=\"1919\" \/>\n\t<meta property=\"og:image:type\" content=\"image\/jpeg\" \/>\n<meta name=\"twitter:card\" content=\"summary_large_image\" \/>\n<meta name=\"twitter:label1\" content=\"Dur\u00e9e de lecture estim\u00e9e\" \/>\n\t<meta name=\"twitter:data1\" content=\"2 minutes\" \/>\n<script type=\"application\/ld+json\" class=\"yoast-schema-graph\">{\"@context\":\"https:\/\/schema.org\",\"@graph\":[{\"@type\":\"WebPage\",\"@id\":\"https:\/\/acrosstheglobexpedition.com\/index.php\/mentions-legales\/\",\"url\":\"https:\/\/acrosstheglobexpedition.com\/index.php\/mentions-legales\/\",\"name\":\"Mentions l\u00e9gales - Across the Globe Expedition\",\"isPartOf\":{\"@id\":\"https:\/\/acrosstheglobexpedition.com\/#website\"},\"datePublished\":\"2024-10-16T09:50:36+00:00\",\"dateModified\":\"2025-02-03T15:37:57+00:00\",\"breadcrumb\":{\"@id\":\"https:\/\/acrosstheglobexpedition.com\/index.php\/mentions-legales\/#breadcrumb\"},\"inLanguage\":\"fr-FR\",\"potentialAction\":[{\"@type\":\"ReadAction\",\"target\":[\"https:\/\/acrosstheglobexpedition.com\/index.php\/mentions-legales\/\"]}]},{\"@type\":\"BreadcrumbList\",\"@id\":\"https:\/\/acrosstheglobexpedition.com\/index.php\/mentions-legales\/#breadcrumb\",\"itemListElement\":[{\"@type\":\"ListItem\",\"position\":1,\"name\":\"Home\",\"item\":\"https:\/\/acrosstheglobexpedition.com\/\"},{\"@type\":\"ListItem\",\"position\":2,\"name\":\"Mentions l\u00e9gales\"}]},{\"@type\":\"WebSite\",\"@id\":\"https:\/\/acrosstheglobexpedition.com\/#website\",\"url\":\"https:\/\/acrosstheglobexpedition.com\/\",\"name\":\"Across the Globe Expedition\",\"description\":\"Voyages authentiques en terre Maasa\u00ef\",\"publisher\":{\"@id\":\"https:\/\/acrosstheglobexpedition.com\/#organization\"},\"potentialAction\":[{\"@type\":\"SearchAction\",\"target\":{\"@type\":\"EntryPoint\",\"urlTemplate\":\"https:\/\/acrosstheglobexpedition.com\/?s={search_term_string}\"},\"query-input\":{\"@type\":\"PropertyValueSpecification\",\"valueRequired\":true,\"valueName\":\"search_term_string\"}}],\"inLanguage\":\"fr-FR\"},{\"@type\":\"Organization\",\"@id\":\"https:\/\/acrosstheglobexpedition.com\/#organization\",\"name\":\"Across the Globe Expedition\",\"url\":\"https:\/\/acrosstheglobexpedition.com\/\",\"logo\":{\"@type\":\"ImageObject\",\"inLanguage\":\"fr-FR\",\"@id\":\"https:\/\/acrosstheglobexpedition.com\/#\/schema\/logo\/image\/\",\"url\":\"https:\/\/acrosstheglobexpedition.com\/wp-content\/uploads\/2024\/10\/cropped-Logo_Final-3.png\",\"contentUrl\":\"https:\/\/acrosstheglobexpedition.com\/wp-content\/uploads\/2024\/10\/cropped-Logo_Final-3.png\",\"width\":512,\"height\":512,\"caption\":\"Across the Globe Expedition\"},\"image\":{\"@id\":\"https:\/\/acrosstheglobexpedition.com\/#\/schema\/logo\/image\/\"}}]}<\/script>\n<!-- \/ Yoast SEO plugin. -->","yoast_head_json":{"title":"Mentions l\u00e9gales - Across the Globe Expedition","robots":{"index":"index","follow":"follow","max-snippet":"max-snippet:-1","max-image-preview":"max-image-preview:large","max-video-preview":"max-video-preview:-1"},"canonical":"https:\/\/acrosstheglobexpedition.com\/index.php\/mentions-legales\/","og_locale":"fr_FR","og_type":"article","og_title":"Mentions l\u00e9gales - Across the Globe Expedition","og_description":"Mentions l\u00e9gales Conform\u00e9ment aux dispositions des Articles 6-III et 19 de la Loi n\u00b02004-575 du 21 juin 2004 pour la Confiance dans l\u2019\u00e9conomie num\u00e9rique, dite L.C.E.N., il est port\u00e9 \u00e0 la connaissance des Utilisateurs du site acrosstheglobexpedition.com les pr\u00e9sentes mentions l\u00e9gales. La connexion et la navigation sur le site acrosstheglobexpedition.com [&hellip;]","og_url":"https:\/\/acrosstheglobexpedition.com\/index.php\/mentions-legales\/","og_site_name":"Across the Globe Expedition","article_modified_time":"2025-02-03T15:37:57+00:00","og_image":[{"width":2560,"height":1919,"url":"https:\/\/acrosstheglobexpedition.com\/wp-content\/uploads\/2024\/02\/20230222_094239-scaled.jpeg","type":"image\/jpeg"}],"twitter_card":"summary_large_image","twitter_misc":{"Dur\u00e9e de lecture estim\u00e9e":"2 minutes"},"schema":{"@context":"https:\/\/schema.org","@graph":[{"@type":"WebPage","@id":"https:\/\/acrosstheglobexpedition.com\/index.php\/mentions-legales\/","url":"https:\/\/acrosstheglobexpedition.com\/index.php\/mentions-legales\/","name":"Mentions l\u00e9gales - Across the Globe Expedition","isPartOf":{"@id":"https:\/\/acrosstheglobexpedition.com\/#website"},"datePublished":"2024-10-16T09:50:36+00:00","dateModified":"2025-02-03T15:37:57+00:00","breadcrumb":{"@id":"https:\/\/acrosstheglobexpedition.com\/index.php\/mentions-legales\/#breadcrumb"},"inLanguage":"fr-FR","potentialAction":[{"@type":"ReadAction","target":["https:\/\/acrosstheglobexpedition.com\/index.php\/mentions-legales\/"]}]},{"@type":"BreadcrumbList","@id":"https:\/\/acrosstheglobexpedition.com\/index.php\/mentions-legales\/#breadcrumb","itemListElement":[{"@type":"ListItem","position":1,"name":"Home","item":"https:\/\/acrosstheglobexpedition.com\/"},{"@type":"ListItem","position":2,"name":"Mentions l\u00e9gales"}]},{"@type":"WebSite","@id":"https:\/\/acrosstheglobexpedition.com\/#website","url":"https:\/\/acrosstheglobexpedition.com\/","name":"Across the Globe Expedition","description":"Voyages authentiques en terre Maasa\u00ef","publisher":{"@id":"https:\/\/acrosstheglobexpedition.com\/#organization"},"potentialAction":[{"@type":"SearchAction","target":{"@type":"EntryPoint","urlTemplate":"https:\/\/acrosstheglobexpedition.com\/?s={search_term_string}"},"query-input":{"@type":"PropertyValueSpecification","valueRequired":true,"valueName":"search_term_string"}}],"inLanguage":"fr-FR"},{"@type":"Organization","@id":"https:\/\/acrosstheglobexpedition.com\/#organization","name":"Across the Globe Expedition","url":"https:\/\/acrosstheglobexpedition.com\/","logo":{"@type":"ImageObject","inLanguage":"fr-FR","@id":"https:\/\/acrosstheglobexpedition.com\/#\/schema\/logo\/image\/","url":"https:\/\/acrosstheglobexpedition.com\/wp-content\/uploads\/2024\/10\/cropped-Logo_Final-3.png","contentUrl":"https:\/\/acrosstheglobexpedition.com\/wp-content\/uploads\/2024\/10\/cropped-Logo_Final-3.png","width":512,"height":512,"caption":"Across the Globe Expedition"},"image":{"@id":"https:\/\/acrosstheglobexpedition.com\/#\/schema\/logo\/image\/"}}]}},"_links":{"self":[{"href":"https:\/\/acrosstheglobexpedition.com\/index.php\/wp-json\/wp\/v2\/pages\/1747","targetHints":{"allow":["GET"]}}],"collection":[{"href":"https:\/\/acrosstheglobexpedition.com\/index.php\/wp-json\/wp\/v2\/pages"}],"about":[{"href":"https:\/\/acrosstheglobexpedition.com\/index.php\/wp-json\/wp\/v2\/types\/page"}],"author":[{"embeddable":true,"href":"https:\/\/acrosstheglobexpedition.com\/index.php\/wp-json\/wp\/v2\/users\/1"}],"replies":[{"embeddable":true,"href":"https:\/\/acrosstheglobexpedition.com\/index.php\/wp-json\/wp\/v2\/comments?post=1747"}],"version-history":[{"count":25,"href":"https:\/\/acrosstheglobexpedition.com\/index.php\/wp-json\/wp\/v2\/pages\/1747\/revisions"}],"predecessor-version":[{"id":2186,"href":"https:\/\/acrosstheglobexpedition.com\/index.php\/wp-json\/wp\/v2\/pages\/1747\/revisions\/2186"}],"wp:attachment":[{"href":"https:\/\/acrosstheglobexpedition.com\/index.php\/wp-json\/wp\/v2\/media?parent=1747"}],"curies":[{"name":"wp","href":"https:\/\/api.w.org\/{rel}","templated":true}]}}