{"id":1755,"date":"2024-10-16T11:58:53","date_gmt":"2024-10-16T09:58:53","guid":{"rendered":"https:\/\/acrosstheglobexpedition.com\/?page_id=1755"},"modified":"2025-02-03T16:38:21","modified_gmt":"2025-02-03T15:38:21","slug":"politique-de-confidentialite","status":"publish","type":"page","link":"https:\/\/acrosstheglobexpedition.com\/index.php\/politique-de-confidentialite\/","title":{"rendered":"Politique de confidentialit\u00e9"},"content":{"rendered":"\t\t<div data-elementor-type=\"wp-page\" data-elementor-id=\"1755\" class=\"elementor elementor-1755\">\n\t\t\t\t\t\t\t\t\t<section class=\"elementor-section elementor-top-section elementor-element elementor-element-3bcc4761 elementor-section-stretched elementor-section-boxed elementor-section-height-default elementor-section-height-default\" data-id=\"3bcc4761\" data-element_type=\"section\" data-settings=\"{&quot;stretch_section&quot;:&quot;section-stretched&quot;}\">\n\t\t\t\t\t\t<div class=\"elementor-container elementor-column-gap-default\">\n\t\t\t\t\t<div class=\"elementor-column elementor-col-100 elementor-top-column elementor-element elementor-element-e59851b\" data-id=\"e59851b\" data-element_type=\"column\">\n\t\t\t<div class=\"elementor-widget-wrap elementor-element-populated\">\n\t\t\t\t\t\t\t\t<div class=\"elementor-element elementor-element-2e2cdb96 elementor-widget elementor-widget-spacer\" data-id=\"2e2cdb96\" data-element_type=\"widget\" data-widget_type=\"spacer.default\">\n\t\t\t\t<div class=\"elementor-widget-container\">\n\t\t\t<style>\/*! elementor - v3.15.0 - 09-08-2023 *\/\n.elementor-column .elementor-spacer-inner{height:var(--spacer-size)}.e-con{--container-widget-width:100%}.e-con-inner>.elementor-widget-spacer,.e-con>.elementor-widget-spacer{width:var(--container-widget-width,var(--spacer-size));--align-self:var(--container-widget-align-self,initial);--flex-shrink:0}.e-con-inner>.elementor-widget-spacer>.elementor-widget-container,.e-con-inner>.elementor-widget-spacer>.elementor-widget-container>.elementor-spacer,.e-con>.elementor-widget-spacer>.elementor-widget-container,.e-con>.elementor-widget-spacer>.elementor-widget-container>.elementor-spacer{height:100%}.e-con-inner>.elementor-widget-spacer>.elementor-widget-container>.elementor-spacer>.elementor-spacer-inner,.e-con>.elementor-widget-spacer>.elementor-widget-container>.elementor-spacer>.elementor-spacer-inner{height:var(--container-widget-height,var(--spacer-size))}<\/style>\t\t<div class=\"elementor-spacer\">\n\t\t\t<div class=\"elementor-spacer-inner\"><\/div>\n\t\t<\/div>\n\t\t\t\t<\/div>\n\t\t\t\t<\/div>\n\t\t\t\t<div class=\"elementor-element elementor-element-eceba22 elementor-widget elementor-widget-heading\" data-id=\"eceba22\" data-element_type=\"widget\" data-widget_type=\"heading.default\">\n\t\t\t\t<div class=\"elementor-widget-container\">\n\t\t\t<style>\/*! elementor - v3.15.0 - 09-08-2023 *\/\n.elementor-heading-title{padding:0;margin:0;line-height:1}.elementor-widget-heading .elementor-heading-title[class*=elementor-size-]>a{color:inherit;font-size:inherit;line-height:inherit}.elementor-widget-heading .elementor-heading-title.elementor-size-small{font-size:15px}.elementor-widget-heading .elementor-heading-title.elementor-size-medium{font-size:19px}.elementor-widget-heading .elementor-heading-title.elementor-size-large{font-size:29px}.elementor-widget-heading .elementor-heading-title.elementor-size-xl{font-size:39px}.elementor-widget-heading .elementor-heading-title.elementor-size-xxl{font-size:59px}<\/style><h2 class=\"elementor-heading-title elementor-size-default\">Politique de confidentialit\u00e9<\/h2>\t\t<\/div>\n\t\t\t\t<\/div>\n\t\t\t\t<div class=\"elementor-element elementor-element-eb4517f elementor-widget elementor-widget-spacer\" data-id=\"eb4517f\" data-element_type=\"widget\" data-widget_type=\"spacer.default\">\n\t\t\t\t<div class=\"elementor-widget-container\">\n\t\t\t\t\t<div class=\"elementor-spacer\">\n\t\t\t<div class=\"elementor-spacer-inner\"><\/div>\n\t\t<\/div>\n\t\t\t\t<\/div>\n\t\t\t\t<\/div>\n\t\t\t\t<div class=\"elementor-element elementor-element-9040547 elementor-widget elementor-widget-text-editor\" data-id=\"9040547\" data-element_type=\"widget\" data-widget_type=\"text-editor.default\">\n\t\t\t\t<div class=\"elementor-widget-container\">\n\t\t\t<style>\/*! elementor - v3.15.0 - 09-08-2023 *\/\n.elementor-widget-text-editor.elementor-drop-cap-view-stacked .elementor-drop-cap{background-color:#69727d;color:#fff}.elementor-widget-text-editor.elementor-drop-cap-view-framed .elementor-drop-cap{color:#69727d;border:3px solid;background-color:transparent}.elementor-widget-text-editor:not(.elementor-drop-cap-view-default) .elementor-drop-cap{margin-top:8px}.elementor-widget-text-editor:not(.elementor-drop-cap-view-default) .elementor-drop-cap-letter{width:1em;height:1em}.elementor-widget-text-editor .elementor-drop-cap{float:left;text-align:center;line-height:1;font-size:50px}.elementor-widget-text-editor .elementor-drop-cap-letter{display:inline-block}<\/style>\t\t\t\t<h5>Article 1 : G\u00e9n\u00e9ralit\u00e9s<\/h5><p>La pr\u00e9sente politique de confidentialit\u00e9 vise \u00e0 vous informer de nos pratiques concernant la collecte, l&rsquo;utilisation et le partage des informations que vous \u00eates amen\u00e9s \u00e0 nous fournir par le biais du site internet acrosstheglobexpedition.com<\/p><p><span>\u00a0<\/span><\/p><h5>Article 2 : Protection des donn\u00e9es personnelles<\/h5><p>L&rsquo;internaute peut \u00eatre amen\u00e9 \u00e0 fournir certaines donn\u00e9es personnelles en r\u00e9pondant aux formulaires qui lui sont propos\u00e9s sur le site. La saisie de ces donn\u00e9es est n\u00e9cessaire au traitement de la demande de l&rsquo;internaute, par le site de acrosstheglobexpedition.com.<\/p><p>Mandela Sirikwa s&rsquo;engage \u00e0 respecter les dispositions de la loi n\u00b078-17 du 6 janvier 1978 relative \u00e0 l&rsquo;informatique, aux fichiers et aux libert\u00e9s modifi\u00e9es et au R\u00e8glement (UE) 2016\/679 du Parlement europ\u00e9en et du Conseil du 27 avril 2016 dit \u00ab RGPD \u00bb et prendre toute pr\u00e9caution n\u00e9cessaire pour pr\u00e9server la s\u00e9curit\u00e9 des informations nominatives confi\u00e9es.<\/p><p><span>\u00a0<\/span><\/p><h5>Article 3 : Donn\u00e9es personnelles trait\u00e9es et finalit\u00e9 de traitement<\/h5><p>Ce\u00a0 site web recueille des donn\u00e9es personnelles pour alimenter nos analyses, et notamment :<\/p><ul data-rte-list=\"default\"><li><p>Des informations sur votre navigateur, votre r\u00e9seau et votre appareil ;<\/p><\/li><li><p>Les pages web que vous avez visit\u00e9es avant d\u2019acc\u00e9der \u00e0 ce site web ;<\/p><\/li><li><p>Votre adresse IP.<\/p><\/li><\/ul><p>Ces informations peuvent \u00e9galement comprendre des d\u00e9tails sur l\u2019utilisation que vous faites de ce site web, et notamment :<\/p><ul data-rte-list=\"default\"><li><p>Clics ;<\/p><\/li><li><p>Liens internes ;<\/p><\/li><li><p>Pages visit\u00e9es ;<\/p><\/li><li><p>D\u00e9filement ;<\/p><\/li><li><p>Recherches<\/p><\/li><li><p>Horodatage.<\/p><\/li><\/ul><p>Lorsque vous envoyez des informations sur ce site via un formulaire web, nous collectons les donn\u00e9es requises dans le formulaire afin de traiter vos demandes et y r\u00e9pondre.<\/p><p><span>\u00a0<\/span><\/p><h5>Article 4 : Destinataire des donn\u00e9es personnelles<\/h5><p>Les donn\u00e9es personnelles collect\u00e9es sur le site sont trait\u00e9es par Mandela Sirikwa. Nous partageons ces informations avec WordPress et OVH, notre fournisseur d\u2019h\u00e9bergement, afin qu\u2019il puisse nous fournir des services web et pour conna\u00eetre le trafic et l\u2019activit\u00e9 du site.<\/p><p><span>\u00a0<\/span><\/p><h5>Article 5 : Dur\u00e9e de conservation des donn\u00e9es personnelles<\/h5><p>Mandela Sirikwa s&rsquo;engage \u00e0 conserver ces donn\u00e9es personnelles, sauf obligation l\u00e9gale ou r\u00e9glementaire contraire, pour une dur\u00e9e maximale de trois ans \u00e0 compter du dernier contact avec l&rsquo;internaute, qu&rsquo;il soit \u00e0 l&rsquo;initiative de Mandela Samson ou de l&rsquo;internaute.<\/p><p>A l&rsquo;issue de cette dur\u00e9e ou en cas d&rsquo;exercice de ses droits par les internautes, Mandela Sirikwa s&rsquo;engage \u00e0 d\u00e9truire toute copie des donn\u00e9es personnelles des internautes qu&rsquo;il d\u00e9tiendrait.<\/p><p><span>\u00a0<\/span><\/p><h5>Article 6 : S\u00e9curit\u00e9 des donn\u00e9es personnelles<\/h5><p>Mandela Sirikwa s&rsquo;engage, au titre de son obligation de moyens, \u00e0 prendre toutes les pr\u00e9cautions utiles et met en \u0153uvre des mesures techniques et organisationnelles appropri\u00e9es en la mati\u00e8re pour garantir un niveau de s\u00e9curit\u00e9 adapt\u00e9 et pour prot\u00e9ger les donn\u00e9es personnelles des internautes contre les alt\u00e9rations, destructions et acc\u00e8s non autoris\u00e9s.<\/p><p><span>\u00a0<\/span><\/p><h5>Article 7 : Droits des internautes sur leurs donn\u00e9es personnelles<\/h5><p>Les internautes ont la possibilit\u00e9 d&rsquo;exercer leurs droits d&rsquo;acc\u00e8s, de rectification, d&rsquo;effacement, d&rsquo;opposition, de limitation du traitement, de portabilit\u00e9 de leurs donn\u00e9es personnelles, droit de ne pas faire l&rsquo;objet d&rsquo;une d\u00e9cision individuelle automatis\u00e9e et droit de r\u00e9vocation de leur consentement, concernant les donn\u00e9es personnelles qu&rsquo;ils fournissent. Pour exercer l&rsquo;un de ces droits, il convient d&rsquo;adresser sa demande par email \u00e0 l&rsquo;adresse suivante : <span>mandelaexpedition@gmail.com<\/span><\/p><p>Mandela Sirikwa\u00a0 s&rsquo;engage \u00e0 y r\u00e9pondre dans les meilleurs d\u00e9lais et au plus tard dans un d\u00e9lai d&rsquo;un mois \u00e0 compter de la r\u00e9ception de la demande.<\/p><p>Si les internautes consid\u00e8rent que le traitement de leurs donn\u00e9es personnelles constitue une violation de la l\u00e9gislation en vigueur, les internautes ont la possibilit\u00e9 d&rsquo;introduire une r\u00e9clamation aupr\u00e8s de la CNIL.<\/p><p>Mandela Sirikwa s&rsquo;engage, au titre de son obligation de moyens, \u00e0 prendre toutes les pr\u00e9cautions utiles et met en \u0153uvre des mesures techniques et organisationnelles appropri\u00e9es en la mati\u00e8re pour garantir un niveau de s\u00e9curit\u00e9 adapt\u00e9 et pour prot\u00e9ger les donn\u00e9es personnelles des internautes contre les alt\u00e9rations, destructions et acc\u00e8s non autoris\u00e9s.<\/p><p>Mandela Sirikwa garantit la confidentialit\u00e9 des donn\u00e9es personnelles trait\u00e9es et veille \u00e0 ce que les personnes autoris\u00e9es \u00e0 traiter lesdites donn\u00e9es personnelles s&rsquo;engagent \u00e9galement \u00e0 respecter cette obligation de confidentialit\u00e9.<\/p><p><span>\u00a0<\/span><\/p><h5>Article 8 : Cookies<\/h5><p>La navigation sur le site acrosstheglobexpedition.com est susceptible de provoquer l\u2019installation de cookie(s) sur l\u2019ordinateur de l\u2019utilisateur. Un cookie est un fichier de petite taille, qui ne permet pas l\u2019identification de l\u2019utilisateur, mais qui enregistre des informations relatives \u00e0 la navigation d\u2019un ordinateur sur un site. Les donn\u00e9es ainsi obtenues visent \u00e0 faciliter la navigation ult\u00e9rieure sur le site, et ont \u00e9galement vocation \u00e0 permettre diverses mesures de fr\u00e9quentation.<\/p><p>Si vous souhaitez modifier le mode d\u2019utilisation des cookies d\u2019un navigateur, notamment le blocage ou la suppression des cookies de ce site web (ou de tout autre site web), vous pouvez modifier les param\u00e8tres du navigateur que vous utilisez.<\/p><p><span>\u00a0<\/span><\/p><h5>Article 9 : Responsabilit\u00e9<\/h5><p>Mandela Sirikwa d\u00e9cline toute responsabilit\u00e9 quant aux \u00e9ventuels dysfonctionnements pouvant survenir sur le site et entra\u00eener une perte de donn\u00e9es ou une indisponibilit\u00e9 de l&rsquo;acc\u00e8s aux informations produites sur celui-ci. Mandela Sirikwa ne peut garantir l&rsquo;exhaustivit\u00e9 et la v\u00e9racit\u00e9 des informations pr\u00e9sentes sur le site ainsi que l&rsquo;absence de modification par un tiers (intrusion, virus). L&rsquo;internaute est seul responsable de l&rsquo;utilisation qu&rsquo;il fait du contenu du site.<\/p><p>Les \u00e9l\u00e9ments pr\u00e9sent\u00e9s sur le site sont susceptibles de modification sans pr\u00e9avis et sont mis \u00e0 la disposition des internautes, sans aucune garantie d&rsquo;aucune sorte, expresse ou tacite. La pr\u00e9sence de liens hypertextes pr\u00e9sents sur le site ne cr\u00e9e pas une solidarit\u00e9 de responsabilit\u00e9 entre Mandela Sirikwa et les propri\u00e9taires des autres sites quant au contenu des sites sur lesquels est redirig\u00e9 l&rsquo;internaute. Seule la responsabilit\u00e9 desdits sites peut \u00eatre engag\u00e9e.<\/p>\t\t\t\t\t\t<\/div>\n\t\t\t\t<\/div>\n\t\t\t\t<div class=\"elementor-element elementor-element-4f5fba0e elementor-widget elementor-widget-spacer\" data-id=\"4f5fba0e\" data-element_type=\"widget\" data-widget_type=\"spacer.default\">\n\t\t\t\t<div class=\"elementor-widget-container\">\n\t\t\t\t\t<div class=\"elementor-spacer\">\n\t\t\t<div class=\"elementor-spacer-inner\"><\/div>\n\t\t<\/div>\n\t\t\t\t<\/div>\n\t\t\t\t<\/div>\n\t\t\t\t\t<\/div>\n\t\t<\/div>\n\t\t\t\t\t\t\t<\/div>\n\t\t<\/section>\n\t\t\t\t<section class=\"elementor-section elementor-top-section elementor-element elementor-element-481eeb31 elementor-section-stretched elementor-section-full_width elementor-section-height-default elementor-section-height-default\" data-id=\"481eeb31\" data-element_type=\"section\" data-settings=\"{&quot;stretch_section&quot;:&quot;section-stretched&quot;}\">\n\t\t\t\t\t\t<div class=\"elementor-container elementor-column-gap-default\">\n\t\t\t\t\t<div class=\"elementor-column elementor-col-100 elementor-top-column elementor-element elementor-element-3946e26b\" data-id=\"3946e26b\" data-element_type=\"column\">\n\t\t\t<div class=\"elementor-widget-wrap elementor-element-populated\">\n\t\t\t\t\t\t\t\t<div class=\"elementor-element elementor-element-5423fe71 elementor-widget elementor-widget-spacer\" data-id=\"5423fe71\" data-element_type=\"widget\" data-widget_type=\"spacer.default\">\n\t\t\t\t<div class=\"elementor-widget-container\">\n\t\t\t\t\t<div class=\"elementor-spacer\">\n\t\t\t<div class=\"elementor-spacer-inner\"><\/div>\n\t\t<\/div>\n\t\t\t\t<\/div>\n\t\t\t\t<\/div>\n\t\t\t\t<section class=\"elementor-section elementor-inner-section elementor-element elementor-element-2cf6ed1b elementor-section-boxed elementor-section-height-default elementor-section-height-default\" data-id=\"2cf6ed1b\" data-element_type=\"section\">\n\t\t\t\t\t\t<div class=\"elementor-container elementor-column-gap-default\">\n\t\t\t\t\t<div class=\"elementor-column elementor-col-33 elementor-inner-column elementor-element elementor-element-797519d5\" data-id=\"797519d5\" data-element_type=\"column\">\n\t\t\t<div class=\"elementor-widget-wrap elementor-element-populated\">\n\t\t\t\t\t\t\t\t<div class=\"elementor-element elementor-element-1b34a48f elementor-widget elementor-widget-text-editor\" data-id=\"1b34a48f\" data-element_type=\"widget\" data-widget_type=\"text-editor.default\">\n\t\t\t\t<div class=\"elementor-widget-container\">\n\t\t\t\t\t\t\t<p>\u00a9 Across the Globe Expedition, 2025 &#8211; Tous droits r\u00e9serv\u00e9s<br \/><a href=\"https:\/\/acrosstheglobexpedition.com\/index.php\/mentions-legales\/\" target=\"_blank\" rel=\"noopener\">Mentions l\u00e9gales<\/a> &#8211; <a href=\"https:\/\/acrosstheglobexpedition.com\/index.php\/politique-de-confidentialite\/\">Politique de confidentialit\u00e9<\/a><\/p>\t\t\t\t\t\t<\/div>\n\t\t\t\t<\/div>\n\t\t\t\t\t<\/div>\n\t\t<\/div>\n\t\t\t\t<div class=\"elementor-column elementor-col-33 elementor-inner-column elementor-element elementor-element-6d9c8e53\" data-id=\"6d9c8e53\" data-element_type=\"column\">\n\t\t\t<div class=\"elementor-widget-wrap elementor-element-populated\">\n\t\t\t\t\t\t\t\t<div class=\"elementor-element elementor-element-4bba79de elementor-view-default elementor-widget elementor-widget-icon\" data-id=\"4bba79de\" data-element_type=\"widget\" data-widget_type=\"icon.default\">\n\t\t\t\t<div class=\"elementor-widget-container\">\n\t\t\t\t\t<div class=\"elementor-icon-wrapper\">\n\t\t\t<a class=\"elementor-icon\" href=\"https:\/\/www.instagram.com\/mandelaexpedition\/\" target=\"_blank\">\n\t\t\t<i aria-hidden=\"true\" class=\"fab fa-instagram\"><\/i>\t\t\t<\/a>\n\t\t<\/div>\n\t\t\t\t<\/div>\n\t\t\t\t<\/div>\n\t\t\t\t\t<\/div>\n\t\t<\/div>\n\t\t\t\t<div class=\"elementor-column elementor-col-33 elementor-inner-column elementor-element elementor-element-7646acb2\" data-id=\"7646acb2\" data-element_type=\"column\">\n\t\t\t<div class=\"elementor-widget-wrap elementor-element-populated\">\n\t\t\t\t\t\t\t\t<div class=\"elementor-element elementor-element-660ab926 elementor-view-default elementor-widget elementor-widget-icon\" data-id=\"660ab926\" data-element_type=\"widget\" data-widget_type=\"icon.default\">\n\t\t\t\t<div class=\"elementor-widget-container\">\n\t\t\t\t\t<div class=\"elementor-icon-wrapper\">\n\t\t\t<a class=\"elementor-icon\" href=\"https:\/\/www.tiktok.com\/@mandelaexpedition\" target=\"_blank\">\n\t\t\t<i aria-hidden=\"true\" class=\"fab fa-tiktok\"><\/i>\t\t\t<\/a>\n\t\t<\/div>\n\t\t\t\t<\/div>\n\t\t\t\t<\/div>\n\t\t\t\t\t<\/div>\n\t\t<\/div>\n\t\t\t\t\t\t\t<\/div>\n\t\t<\/section>\n\t\t\t\t\t<\/div>\n\t\t<\/div>\n\t\t\t\t\t\t\t<\/div>\n\t\t<\/section>\n\t\t\t\t\t\t\t<\/div>\n\t\t","protected":false},"excerpt":{"rendered":"<p>Politique de confidentialit\u00e9 Article 1 : G\u00e9n\u00e9ralit\u00e9s La pr\u00e9sente politique de confidentialit\u00e9 vise \u00e0 vous informer de nos pratiques concernant la collecte, l&rsquo;utilisation et le partage des informations que vous \u00eates amen\u00e9s \u00e0 nous fournir par le biais du site internet acrosstheglobexpedition.com \u00a0 Article 2 : Protection des donn\u00e9es personnelles [&hellip;]<\/p>\n","protected":false},"author":1,"featured_media":0,"parent":0,"menu_order":0,"comment_status":"closed","ping_status":"closed","template":"","meta":{"footnotes":""},"class_list":["post-1755","page","type-page","status-publish","hentry"],"yoast_head":"<!-- This site is optimized with the Yoast SEO plugin v23.6 - https:\/\/yoast.com\/wordpress\/plugins\/seo\/ -->\n<title>Politique de confidentialit\u00e9 - Across the Globe Expedition<\/title>\n<meta name=\"robots\" content=\"index, follow, max-snippet:-1, max-image-preview:large, max-video-preview:-1\" \/>\n<link rel=\"canonical\" href=\"https:\/\/acrosstheglobexpedition.com\/index.php\/politique-de-confidentialite\/\" \/>\n<meta property=\"og:locale\" content=\"fr_FR\" \/>\n<meta property=\"og:type\" content=\"article\" \/>\n<meta property=\"og:title\" content=\"Politique de confidentialit\u00e9 - Across the Globe Expedition\" \/>\n<meta property=\"og:description\" content=\"Politique de confidentialit\u00e9 Article 1 : G\u00e9n\u00e9ralit\u00e9s La pr\u00e9sente politique de confidentialit\u00e9 vise \u00e0 vous informer de nos pratiques concernant la collecte, l&rsquo;utilisation et le partage des informations que vous \u00eates amen\u00e9s \u00e0 nous fournir par le biais du site internet acrosstheglobexpedition.com \u00a0 Article 2 : Protection des donn\u00e9es personnelles [&hellip;]\" \/>\n<meta property=\"og:url\" content=\"https:\/\/acrosstheglobexpedition.com\/index.php\/politique-de-confidentialite\/\" \/>\n<meta property=\"og:site_name\" content=\"Across the Globe Expedition\" \/>\n<meta property=\"article:modified_time\" content=\"2025-02-03T15:38:21+00:00\" \/>\n<meta property=\"og:image\" content=\"https:\/\/acrosstheglobexpedition.com\/wp-content\/uploads\/2024\/02\/20230222_094239-scaled.jpeg\" \/>\n\t<meta property=\"og:image:width\" content=\"2560\" \/>\n\t<meta property=\"og:image:height\" content=\"1919\" \/>\n\t<meta property=\"og:image:type\" content=\"image\/jpeg\" \/>\n<meta name=\"twitter:card\" content=\"summary_large_image\" \/>\n<meta name=\"twitter:label1\" content=\"Dur\u00e9e de lecture estim\u00e9e\" \/>\n\t<meta name=\"twitter:data1\" content=\"5 minutes\" \/>\n<script type=\"application\/ld+json\" class=\"yoast-schema-graph\">{\"@context\":\"https:\/\/schema.org\",\"@graph\":[{\"@type\":\"WebPage\",\"@id\":\"https:\/\/acrosstheglobexpedition.com\/index.php\/politique-de-confidentialite\/\",\"url\":\"https:\/\/acrosstheglobexpedition.com\/index.php\/politique-de-confidentialite\/\",\"name\":\"Politique de confidentialit\u00e9 - Across the Globe Expedition\",\"isPartOf\":{\"@id\":\"https:\/\/acrosstheglobexpedition.com\/#website\"},\"datePublished\":\"2024-10-16T09:58:53+00:00\",\"dateModified\":\"2025-02-03T15:38:21+00:00\",\"breadcrumb\":{\"@id\":\"https:\/\/acrosstheglobexpedition.com\/index.php\/politique-de-confidentialite\/#breadcrumb\"},\"inLanguage\":\"fr-FR\",\"potentialAction\":[{\"@type\":\"ReadAction\",\"target\":[\"https:\/\/acrosstheglobexpedition.com\/index.php\/politique-de-confidentialite\/\"]}]},{\"@type\":\"BreadcrumbList\",\"@id\":\"https:\/\/acrosstheglobexpedition.com\/index.php\/politique-de-confidentialite\/#breadcrumb\",\"itemListElement\":[{\"@type\":\"ListItem\",\"position\":1,\"name\":\"Home\",\"item\":\"https:\/\/acrosstheglobexpedition.com\/\"},{\"@type\":\"ListItem\",\"position\":2,\"name\":\"Politique de confidentialit\u00e9\"}]},{\"@type\":\"WebSite\",\"@id\":\"https:\/\/acrosstheglobexpedition.com\/#website\",\"url\":\"https:\/\/acrosstheglobexpedition.com\/\",\"name\":\"Across the Globe Expedition\",\"description\":\"Voyages authentiques en terre Maasa\u00ef\",\"publisher\":{\"@id\":\"https:\/\/acrosstheglobexpedition.com\/#organization\"},\"potentialAction\":[{\"@type\":\"SearchAction\",\"target\":{\"@type\":\"EntryPoint\",\"urlTemplate\":\"https:\/\/acrosstheglobexpedition.com\/?s={search_term_string}\"},\"query-input\":{\"@type\":\"PropertyValueSpecification\",\"valueRequired\":true,\"valueName\":\"search_term_string\"}}],\"inLanguage\":\"fr-FR\"},{\"@type\":\"Organization\",\"@id\":\"https:\/\/acrosstheglobexpedition.com\/#organization\",\"name\":\"Across the Globe Expedition\",\"url\":\"https:\/\/acrosstheglobexpedition.com\/\",\"logo\":{\"@type\":\"ImageObject\",\"inLanguage\":\"fr-FR\",\"@id\":\"https:\/\/acrosstheglobexpedition.com\/#\/schema\/logo\/image\/\",\"url\":\"https:\/\/acrosstheglobexpedition.com\/wp-content\/uploads\/2024\/10\/cropped-Logo_Final-3.png\",\"contentUrl\":\"https:\/\/acrosstheglobexpedition.com\/wp-content\/uploads\/2024\/10\/cropped-Logo_Final-3.png\",\"width\":512,\"height\":512,\"caption\":\"Across the Globe Expedition\"},\"image\":{\"@id\":\"https:\/\/acrosstheglobexpedition.com\/#\/schema\/logo\/image\/\"}}]}<\/script>\n<!-- \/ Yoast SEO plugin. -->","yoast_head_json":{"title":"Politique de confidentialit\u00e9 - Across the Globe Expedition","robots":{"index":"index","follow":"follow","max-snippet":"max-snippet:-1","max-image-preview":"max-image-preview:large","max-video-preview":"max-video-preview:-1"},"canonical":"https:\/\/acrosstheglobexpedition.com\/index.php\/politique-de-confidentialite\/","og_locale":"fr_FR","og_type":"article","og_title":"Politique de confidentialit\u00e9 - Across the Globe Expedition","og_description":"Politique de confidentialit\u00e9 Article 1 : G\u00e9n\u00e9ralit\u00e9s La pr\u00e9sente politique de confidentialit\u00e9 vise \u00e0 vous informer de nos pratiques concernant la collecte, l&rsquo;utilisation et le partage des informations que vous \u00eates amen\u00e9s \u00e0 nous fournir par le biais du site internet acrosstheglobexpedition.com \u00a0 Article 2 : Protection des donn\u00e9es personnelles [&hellip;]","og_url":"https:\/\/acrosstheglobexpedition.com\/index.php\/politique-de-confidentialite\/","og_site_name":"Across the Globe Expedition","article_modified_time":"2025-02-03T15:38:21+00:00","og_image":[{"width":2560,"height":1919,"url":"https:\/\/acrosstheglobexpedition.com\/wp-content\/uploads\/2024\/02\/20230222_094239-scaled.jpeg","type":"image\/jpeg"}],"twitter_card":"summary_large_image","twitter_misc":{"Dur\u00e9e de lecture estim\u00e9e":"5 minutes"},"schema":{"@context":"https:\/\/schema.org","@graph":[{"@type":"WebPage","@id":"https:\/\/acrosstheglobexpedition.com\/index.php\/politique-de-confidentialite\/","url":"https:\/\/acrosstheglobexpedition.com\/index.php\/politique-de-confidentialite\/","name":"Politique de confidentialit\u00e9 - Across the Globe Expedition","isPartOf":{"@id":"https:\/\/acrosstheglobexpedition.com\/#website"},"datePublished":"2024-10-16T09:58:53+00:00","dateModified":"2025-02-03T15:38:21+00:00","breadcrumb":{"@id":"https:\/\/acrosstheglobexpedition.com\/index.php\/politique-de-confidentialite\/#breadcrumb"},"inLanguage":"fr-FR","potentialAction":[{"@type":"ReadAction","target":["https:\/\/acrosstheglobexpedition.com\/index.php\/politique-de-confidentialite\/"]}]},{"@type":"BreadcrumbList","@id":"https:\/\/acrosstheglobexpedition.com\/index.php\/politique-de-confidentialite\/#breadcrumb","itemListElement":[{"@type":"ListItem","position":1,"name":"Home","item":"https:\/\/acrosstheglobexpedition.com\/"},{"@type":"ListItem","position":2,"name":"Politique de confidentialit\u00e9"}]},{"@type":"WebSite","@id":"https:\/\/acrosstheglobexpedition.com\/#website","url":"https:\/\/acrosstheglobexpedition.com\/","name":"Across the Globe Expedition","description":"Voyages authentiques en terre Maasa\u00ef","publisher":{"@id":"https:\/\/acrosstheglobexpedition.com\/#organization"},"potentialAction":[{"@type":"SearchAction","target":{"@type":"EntryPoint","urlTemplate":"https:\/\/acrosstheglobexpedition.com\/?s={search_term_string}"},"query-input":{"@type":"PropertyValueSpecification","valueRequired":true,"valueName":"search_term_string"}}],"inLanguage":"fr-FR"},{"@type":"Organization","@id":"https:\/\/acrosstheglobexpedition.com\/#organization","name":"Across the Globe Expedition","url":"https:\/\/acrosstheglobexpedition.com\/","logo":{"@type":"ImageObject","inLanguage":"fr-FR","@id":"https:\/\/acrosstheglobexpedition.com\/#\/schema\/logo\/image\/","url":"https:\/\/acrosstheglobexpedition.com\/wp-content\/uploads\/2024\/10\/cropped-Logo_Final-3.png","contentUrl":"https:\/\/acrosstheglobexpedition.com\/wp-content\/uploads\/2024\/10\/cropped-Logo_Final-3.png","width":512,"height":512,"caption":"Across the Globe Expedition"},"image":{"@id":"https:\/\/acrosstheglobexpedition.com\/#\/schema\/logo\/image\/"}}]}},"_links":{"self":[{"href":"https:\/\/acrosstheglobexpedition.com\/index.php\/wp-json\/wp\/v2\/pages\/1755","targetHints":{"allow":["GET"]}}],"collection":[{"href":"https:\/\/acrosstheglobexpedition.com\/index.php\/wp-json\/wp\/v2\/pages"}],"about":[{"href":"https:\/\/acrosstheglobexpedition.com\/index.php\/wp-json\/wp\/v2\/types\/page"}],"author":[{"embeddable":true,"href":"https:\/\/acrosstheglobexpedition.com\/index.php\/wp-json\/wp\/v2\/users\/1"}],"replies":[{"embeddable":true,"href":"https:\/\/acrosstheglobexpedition.com\/index.php\/wp-json\/wp\/v2\/comments?post=1755"}],"version-history":[{"count":25,"href":"https:\/\/acrosstheglobexpedition.com\/index.php\/wp-json\/wp\/v2\/pages\/1755\/revisions"}],"predecessor-version":[{"id":2190,"href":"https:\/\/acrosstheglobexpedition.com\/index.php\/wp-json\/wp\/v2\/pages\/1755\/revisions\/2190"}],"wp:attachment":[{"href":"https:\/\/acrosstheglobexpedition.com\/index.php\/wp-json\/wp\/v2\/media?parent=1755"}],"curies":[{"name":"wp","href":"https:\/\/api.w.org\/{rel}","templated":true}]}}